{"id":1281,"date":"2024-04-25T19:10:55","date_gmt":"2024-04-25T17:10:55","guid":{"rendered":"https:\/\/triptours.eu\/index.php\/praga\/"},"modified":"2024-07-16T19:20:45","modified_gmt":"2024-07-16T17:20:45","slug":"prague","status":"publish","type":"page","link":"https:\/\/triptours.eu\/en\/prague\/","title":{"rendered":"Tours in Prague"},"content":{"rendered":"\t\t<div data-elementor-type=\"wp-page\" data-elementor-id=\"1281\" class=\"elementor elementor-1281 elementor-1274\" data-elementor-post-type=\"page\">\n\t\t\t\t<div class=\"wd-negative-gap elementor-element elementor-element-718c9e9 e-flex e-con-boxed e-con e-parent\" data-id=\"718c9e9\" data-element_type=\"container\" data-e-type=\"container\" data-settings=\"{&quot;background_background&quot;:&quot;classic&quot;}\">\n\t\t\t\t\t<div class=\"e-con-inner\">\n\t\t\t\t<div class=\"elementor-element elementor-element-a1a7d74 elementor-widget elementor-widget-heading\" data-id=\"a1a7d74\" data-element_type=\"widget\" data-e-type=\"widget\" data-widget_type=\"heading.default\">\n\t\t\t\t<div class=\"elementor-widget-container\">\n\t\t\t\t\t<h1 class=\"elementor-heading-title elementor-size-default\">Explore Prague with Trip Tours Prague<\/h1>\t\t\t\t<\/div>\n\t\t\t\t<\/div>\n\t\t\t\t\t<\/div>\n\t\t\t\t<\/div>\n\t\t<div class=\"wd-negative-gap elementor-element elementor-element-eac3a7e e-flex e-con-boxed e-con e-parent\" data-id=\"eac3a7e\" data-element_type=\"container\" data-e-type=\"container\">\n\t\t\t\t\t<div class=\"e-con-inner\">\n\t\t\t\t<div class=\"elementor-element elementor-element-32abd20 elementor-widget elementor-widget-heading\" data-id=\"32abd20\" data-element_type=\"widget\" data-e-type=\"widget\" data-widget_type=\"heading.default\">\n\t\t\t\t<div class=\"elementor-widget-container\">\n\t\t\t\t\t<h2 class=\"elementor-heading-title elementor-size-default\">Discover Prague with Our Free Tour Prague<\/h2>\t\t\t\t<\/div>\n\t\t\t\t<\/div>\n\t\t\t\t<div class=\"elementor-element elementor-element-957dcc1 color-scheme-inherit text-left elementor-widget elementor-widget-text-editor\" data-id=\"957dcc1\" data-element_type=\"widget\" data-e-type=\"widget\" data-widget_type=\"text-editor.default\">\n\t\t\t\t<div class=\"elementor-widget-container\">\n\t\t\t\t\t\t\t\t\t<p>Discover the magical Prague with our Free Tours!<\/p><p>Stroll through this fairytale city, where Gothic and Baroque architecture will transport you to another era. Our expert guides will take you to see the famous Astronomical Clock, the imposing Prague Castle, and the historic Charles Bridge.<\/p><p>Immerse yourself in the legends that surround its streets and learn about the rich Czech history and culture while exploring charming neighborhoods like Mal\u00e1 Strana and the Jewish Quarter. Enjoy panoramic views from Pet\u0159\u00edn Hill and don&#8217;t miss the chance to try the local beer in an old tavern.<\/p>\t\t\t\t\t\t\t\t<\/div>\n\t\t\t\t<\/div>\n\t\t\t\t\t<\/div>\n\t\t\t\t<\/div>\n\t\t<div class=\"wd-negative-gap elementor-element elementor-element-f9ac359 e-flex e-con-boxed e-con e-parent\" data-id=\"f9ac359\" data-element_type=\"container\" data-e-type=\"container\">\n\t\t\t\t\t<div class=\"e-con-inner\">\n\t\t\t\t<div class=\"elementor-element elementor-element-527bb61 elementor-widget elementor-widget-image\" data-id=\"527bb61\" data-element_type=\"widget\" data-e-type=\"widget\" data-widget_type=\"image.default\">\n\t\t\t\t<div class=\"elementor-widget-container\">\n\t\t\t\t\t\t\t\t\t\t\t\t\t\t\t\t<a href=\"https:\/\/www.freetour.com\/prague?referralID=NXI0iIhEmajySEDv&#038;campaign=Praga-ING\" target=\"_blank\">\n\t\t\t\t\t\t\t<img fetchpriority=\"high\" decoding=\"async\" width=\"729\" height=\"91\" src=\"https:\/\/triptours.eu\/wp-content\/uploads\/2024\/04\/728x90.png\" class=\"attachment-large size-large wp-image-868\" alt=\"Book your Free Tour Trip Tours\" srcset=\"https:\/\/triptours.eu\/wp-content\/uploads\/2024\/04\/728x90.png 729w, https:\/\/triptours.eu\/wp-content\/uploads\/2024\/04\/728x90-300x37.png 300w\" sizes=\"(max-width: 729px) 100vw, 729px\" \/>\t\t\t\t\t\t\t\t<\/a>\n\t\t\t\t\t\t\t\t\t\t\t\t\t\t\t<\/div>\n\t\t\t\t<\/div>\n\t\t\t\t\t<\/div>\n\t\t\t\t<\/div>\n\t\t<div class=\"wd-negative-gap elementor-element elementor-element-3bcb3b0 e-flex e-con-boxed e-con e-parent\" data-id=\"3bcb3b0\" data-element_type=\"container\" data-e-type=\"container\">\n\t\t\t\t\t<div class=\"e-con-inner\">\n\t\t\t\t<div class=\"elementor-element elementor-element-343b820 elementor-widget elementor-widget-html\" data-id=\"343b820\" data-element_type=\"widget\" data-e-type=\"widget\" data-widget_type=\"html.default\">\n\t\t\t\t<div class=\"elementor-widget-container\">\n\t\t\t\t\t<script async defer src=\"https:\/\/www.freetour.com\/min\/js\/widget.js\"><\/script><freetour-cards cards=\"3\" city=\"prague\" currency=\"eur\" description=\"1\" lang=\"en\" freeOnly=\"0\" referralID=\"NXI0iIhEmajySEDv\" uiBackground=\"#ffffff\" uiButton=\"#000000\" uiButtonText=\"#ffdd00\" uiRating=\"#ffdd00\" uiTitle=\"#000000\" uiText=\"#757575\"><\/freetour-cards>\t\t\t\t<\/div>\n\t\t\t\t<\/div>\n\t\t\t\t\t<\/div>\n\t\t\t\t<\/div>\n\t\t<div class=\"wd-negative-gap elementor-element elementor-element-18abffb e-flex e-con-boxed e-con e-parent\" data-id=\"18abffb\" data-element_type=\"container\" data-e-type=\"container\">\n\t\t\t\t\t<div class=\"e-con-inner\">\n\t\t\t\t<div class=\"elementor-element elementor-element-8ef02a0 elementor-widget elementor-widget-heading\" data-id=\"8ef02a0\" data-element_type=\"widget\" data-e-type=\"widget\" data-widget_type=\"heading.default\">\n\t\t\t\t<div class=\"elementor-widget-container\">\n\t\t\t\t\t<h2 class=\"elementor-heading-title elementor-size-default\">Prague Tours: Experience the Full Adventure<\/h2>\t\t\t\t<\/div>\n\t\t\t\t<\/div>\n\t\t\t\t<div class=\"elementor-element elementor-element-1dfccd1 color-scheme-inherit text-left elementor-widget elementor-widget-text-editor\" data-id=\"1dfccd1\" data-element_type=\"widget\" data-e-type=\"widget\" data-widget_type=\"text-editor.default\">\n\t\t\t\t<div class=\"elementor-widget-container\">\n\t\t\t\t\t\t\t\t\t<p>For travelers eager to delve deeper into the history and culture of Prague, we offer tours that cover a wider range of attractions and exclusive experiences.<\/p><p>Each tour is designed to provide a rich and immersive experience, ensuring you take away memories that will last a lifetime.<\/p><h3>Why Choose Our Tours?<\/h3><ul><li><strong>Expert Guides:<\/strong> All our guides are local experts passionate about Prague and its history. They will share stories and anecdotes you won&#8217;t find in any book.<\/li><li><strong>Flexibility:<\/strong> We offer multiple tour times throughout the day to accommodate your travel schedule.<\/li><li><strong>Easy and Secure Booking:<\/strong> Book your spot on our tours with just a few clicks through our secure website.<\/li><\/ul>\t\t\t\t\t\t\t\t<\/div>\n\t\t\t\t<\/div>\n\t\t\t\t\t<\/div>\n\t\t\t\t<\/div>\n\t\t<div class=\"wd-negative-gap elementor-element elementor-element-a6cf90c e-flex e-con-boxed e-con e-parent\" data-id=\"a6cf90c\" data-element_type=\"container\" data-e-type=\"container\">\n\t\t\t\t\t<div class=\"e-con-inner\">\n\t\t\t\t<div class=\"elementor-element elementor-element-2de0358 elementor-widget elementor-widget-html\" data-id=\"2de0358\" data-element_type=\"widget\" data-e-type=\"widget\" data-widget_type=\"html.default\">\n\t\t\t\t<div class=\"elementor-widget-container\">\n\t\t\t\t\t<script async defer src=\"https:\/\/assets.guruwalk.com\/affiliates\/widget.min.js\"><\/script><guruwalk-tour-cards affiliate=\"ptoilvh42a4frao7r4yu\" city=\"praga\" lang=\"en\" text-color=\"#484848\" primary-color=\"#fede06\" secondary-color=\"#fede06\" limit=\"6\" description=\"none\"><\/guruwalk-tour-cards>\t\t\t\t<\/div>\n\t\t\t\t<\/div>\n\t\t\t\t\t<\/div>\n\t\t\t\t<\/div>\n\t\t<div class=\"wd-negative-gap elementor-element elementor-element-8cc7e5c e-flex e-con-boxed e-con e-parent\" data-id=\"8cc7e5c\" data-element_type=\"container\" data-e-type=\"container\">\n\t\t\t\t\t<div class=\"e-con-inner\">\n\t\t\t\t<div class=\"elementor-element elementor-element-3b725ae elementor-widget elementor-widget-image\" data-id=\"3b725ae\" data-element_type=\"widget\" data-e-type=\"widget\" data-widget_type=\"image.default\">\n\t\t\t\t<div class=\"elementor-widget-container\">\n\t\t\t\t\t\t\t\t\t\t\t\t\t\t\t\t<a href=\"https:\/\/www.freetour.com\/prague?referralID=NXI0iIhEmajySEDv&#038;campaign=Praga-ING\" target=\"_blank\">\n\t\t\t\t\t\t\t<img fetchpriority=\"high\" decoding=\"async\" width=\"729\" height=\"91\" src=\"https:\/\/triptours.eu\/wp-content\/uploads\/2024\/04\/728x90.png\" class=\"attachment-large size-large wp-image-868\" alt=\"Book your Free Tour Trip Tours\" srcset=\"https:\/\/triptours.eu\/wp-content\/uploads\/2024\/04\/728x90.png 729w, https:\/\/triptours.eu\/wp-content\/uploads\/2024\/04\/728x90-300x37.png 300w\" sizes=\"(max-width: 729px) 100vw, 729px\" \/>\t\t\t\t\t\t\t\t<\/a>\n\t\t\t\t\t\t\t\t\t\t\t\t\t\t\t<\/div>\n\t\t\t\t<\/div>\n\t\t\t\t\t<\/div>\n\t\t\t\t<\/div>\n\t\t<div class=\"wd-negative-gap elementor-element elementor-element-10520ae e-flex e-con-boxed e-con e-parent\" data-id=\"10520ae\" data-element_type=\"container\" data-e-type=\"container\">\n\t\t\t\t\t<div class=\"e-con-inner\">\n\t\t\t\t<div class=\"elementor-element elementor-element-668734c elementor-widget elementor-widget-html\" data-id=\"668734c\" data-element_type=\"widget\" data-e-type=\"widget\" data-widget_type=\"html.default\">\n\t\t\t\t<div class=\"elementor-widget-container\">\n\t\t\t\t\t<div style='text-align:center;'><script>function loadScript(url, callback){var script=document.createElement('script'); script.type='text\/javascript'; if (script.readyState){script.onreadystatechange=function(){if (script.readyState=='loaded' || script.readyState=='complete'){script.onreadystatechange=null; callback();}};}else{script.onload=function(){callback();};}script.src=url; document.getElementsByTagName('head')[0].appendChild(script);}loadScript('https:\/\/www.civitatis.com\/f\/js\/vendor\/iframeResizer.min.js', function(){iFrameResize({checkOrigin:false,initCallback:function(iframe){setTimeout(function(){var resizeEvent = window.document.createEvent('UIEvents'); resizeEvent.initUIEvent('resize', true, false, window, 0); iframe.dispatchEvent(resizeEvent);});}})})<\/script><iframe class='civitatis-iframe' src='https:\/\/www.civitatis.com\/widget-activities\/?affiliated=103123&display=cosy&cant=6&lang=en&currency=EUR&destination=3&transfer=0&cmp=Widget_Praga_EN&width=100%&hideButton=1&centerContent=1&typeSelection=all&color=fede06&typography=Montserrat&removeBackground=1&showShadow=1&roundedButtons=1' width='100%'  frameborder='0' data-maxwidth='100%' style='max-width: 100%' ><\/iframe><\/div>\t\t\t\t<\/div>\n\t\t\t\t<\/div>\n\t\t\t\t\t<\/div>\n\t\t\t\t<\/div>\n\t\t<div class=\"wd-negative-gap elementor-element elementor-element-529cf5b e-flex e-con-boxed e-con e-parent\" data-id=\"529cf5b\" data-element_type=\"container\" data-e-type=\"container\">\n\t\t\t\t\t<div class=\"e-con-inner\">\n\t\t\t\t<div class=\"elementor-element elementor-element-5495b47 color-scheme-inherit text-left elementor-widget elementor-widget-text-editor\" data-id=\"5495b47\" data-element_type=\"widget\" data-e-type=\"widget\" data-widget_type=\"text-editor.default\">\n\t\t\t\t<div class=\"elementor-widget-container\">\n\t\t\t\t\t\t\t\t\t<h3>Book Your Tour Today!<\/h3><p>Don&#8217;t miss the chance to explore Prague in a unique and memorable way. Book now your spot on one of our free tours or paid tours and get ready to discover the secrets and wonders of this historic city. Prague is waiting for you with open arms, and we are here to guide you every step of the way!<\/p>\t\t\t\t\t\t\t\t<\/div>\n\t\t\t\t<\/div>\n\t\t\t\t\t<\/div>\n\t\t\t\t<\/div>\n\t\t\t\t<\/div>\n\t\t","protected":false},"excerpt":{"rendered":"<p>Explore Prague with Trip Tours Prague Discover Prague with Our Free Tour Prague Discover the magical Prague with our Free<\/p>\n","protected":false},"author":1,"featured_media":1277,"parent":0,"menu_order":0,"comment_status":"closed","ping_status":"closed","template":"","meta":{"_monsterinsights_skip_tracking":false,"_monsterinsights_sitenote_active":false,"_monsterinsights_sitenote_note":"","_monsterinsights_sitenote_category":0,"footnotes":""},"class_list":["post-1281","page","type-page","status-publish","has-post-thumbnail","hentry"],"yoast_head":"<!-- This site is optimized with the Yoast SEO plugin v25.3.1 - https:\/\/yoast.com\/wordpress\/plugins\/seo\/ -->\n<title>Explore Prague with Our Free Tour: Historical and Cultural Wonders<\/title>\n<meta name=\"description\" content=\"Discover the treasures of Prague with our Free Tour. Immerse yourself in medieval history, admire Gothic architecture, and experience the city&#039;s vibrant cultural life. Tour the Prague Castle, Charles Bridge, and Old Town Square with our expert guides. Book your spot now and enjoy a unique experience in Prague with Trip Tours!\" \/>\n<meta name=\"robots\" content=\"index, follow, max-snippet:-1, max-image-preview:large, max-video-preview:-1\" \/>\n<link rel=\"canonical\" href=\"https:\/\/triptours.eu\/en\/prague\/\" \/>\n<meta property=\"og:locale\" content=\"en_US\" \/>\n<meta property=\"og:type\" content=\"article\" \/>\n<meta property=\"og:title\" content=\"Explore Prague with Our Free Tour: Historical and Cultural Wonders\" \/>\n<meta property=\"og:description\" content=\"Discover the treasures of Prague with our Free Tour. Immerse yourself in medieval history, admire Gothic architecture, and experience the city&#039;s vibrant cultural life. Tour the Prague Castle, Charles Bridge, and Old Town Square with our expert guides. Book your spot now and enjoy a unique experience in Prague with Trip Tours!\" \/>\n<meta property=\"og:url\" content=\"https:\/\/triptours.eu\/en\/prague\/\" \/>\n<meta property=\"og:site_name\" content=\"triptours.eu\" \/>\n<meta property=\"article:modified_time\" content=\"2024-07-16T17:20:45+00:00\" \/>\n<meta property=\"og:image\" content=\"http:\/\/triptours.eu\/wp-content\/uploads\/2024\/04\/Captura-de-pantalla-2024-04-25-a-las-12.13.09\u202fp.-m.png\" \/>\n\t<meta property=\"og:image:width\" content=\"1572\" \/>\n\t<meta property=\"og:image:height\" content=\"505\" \/>\n\t<meta property=\"og:image:type\" content=\"image\/png\" \/>\n<meta name=\"twitter:card\" content=\"summary_large_image\" \/>\n<meta name=\"twitter:label1\" content=\"Est. reading time\" \/>\n\t<meta name=\"twitter:data1\" content=\"2 minutes\" \/>\n<!-- \/ Yoast SEO plugin. -->","yoast_head_json":{"title":"Explore Prague with Our Free Tour: Historical and Cultural Wonders","description":"Discover the treasures of Prague with our Free Tour. Immerse yourself in medieval history, admire Gothic architecture, and experience the city's vibrant cultural life. Tour the Prague Castle, Charles Bridge, and Old Town Square with our expert guides. Book your spot now and enjoy a unique experience in Prague with Trip Tours!","robots":{"index":"index","follow":"follow","max-snippet":"max-snippet:-1","max-image-preview":"max-image-preview:large","max-video-preview":"max-video-preview:-1"},"canonical":"https:\/\/triptours.eu\/en\/prague\/","og_locale":"en_US","og_type":"article","og_title":"Explore Prague with Our Free Tour: Historical and Cultural Wonders","og_description":"Discover the treasures of Prague with our Free Tour. Immerse yourself in medieval history, admire Gothic architecture, and experience the city's vibrant cultural life. Tour the Prague Castle, Charles Bridge, and Old Town Square with our expert guides. Book your spot now and enjoy a unique experience in Prague with Trip Tours!","og_url":"https:\/\/triptours.eu\/en\/prague\/","og_site_name":"triptours.eu","article_modified_time":"2024-07-16T17:20:45+00:00","og_image":[{"width":1572,"height":505,"url":"http:\/\/triptours.eu\/wp-content\/uploads\/2024\/04\/Captura-de-pantalla-2024-04-25-a-las-12.13.09\u202fp.-m.png","type":"image\/png"}],"twitter_card":"summary_large_image","twitter_misc":{"Est. reading time":"2 minutes"},"schema":{"@context":"https:\/\/schema.org","@graph":[{"@type":"WebPage","@id":"https:\/\/triptours.eu\/en\/prague\/","url":"https:\/\/triptours.eu\/en\/prague\/","name":"Explore Prague with Our Free Tour: Historical and Cultural Wonders","isPartOf":{"@id":"https:\/\/triptours.eu\/en\/#website"},"primaryImageOfPage":{"@id":"https:\/\/triptours.eu\/en\/prague\/#primaryimage"},"image":{"@id":"https:\/\/triptours.eu\/en\/prague\/#primaryimage"},"thumbnailUrl":"https:\/\/triptours.eu\/wp-content\/uploads\/2024\/04\/Captura-de-pantalla-2024-04-25-a-las-12.13.09\u202fp.-m.png","datePublished":"2024-04-25T17:10:55+00:00","dateModified":"2024-07-16T17:20:45+00:00","description":"Discover the treasures of Prague with our Free Tour. Immerse yourself in medieval history, admire Gothic architecture, and experience the city's vibrant cultural life. Tour the Prague Castle, Charles Bridge, and Old Town Square with our expert guides. Book your spot now and enjoy a unique experience in Prague with Trip Tours!","breadcrumb":{"@id":"https:\/\/triptours.eu\/en\/prague\/#breadcrumb"},"inLanguage":"en-US","potentialAction":[{"@type":"ReadAction","target":["https:\/\/triptours.eu\/en\/prague\/"]}]},{"@type":"ImageObject","inLanguage":"en-US","@id":"https:\/\/triptours.eu\/en\/prague\/#primaryimage","url":"https:\/\/triptours.eu\/wp-content\/uploads\/2024\/04\/Captura-de-pantalla-2024-04-25-a-las-12.13.09\u202fp.-m.png","contentUrl":"https:\/\/triptours.eu\/wp-content\/uploads\/2024\/04\/Captura-de-pantalla-2024-04-25-a-las-12.13.09\u202fp.-m.png","width":1572,"height":505,"caption":"Discover the gothic charm and history of Prague with our expert local guides on a free walking tour"},{"@type":"BreadcrumbList","@id":"https:\/\/triptours.eu\/en\/prague\/#breadcrumb","itemListElement":[{"@type":"ListItem","position":1,"name":"Portada","item":"https:\/\/triptours.eu\/en\/"},{"@type":"ListItem","position":2,"name":"Tours in Prague"}]},{"@type":"WebSite","@id":"https:\/\/triptours.eu\/en\/#website","url":"https:\/\/triptours.eu\/en\/","name":"triptours.eu","description":"","publisher":{"@id":"https:\/\/triptours.eu\/en\/#organization"},"potentialAction":[{"@type":"SearchAction","target":{"@type":"EntryPoint","urlTemplate":"https:\/\/triptours.eu\/en\/?s={search_term_string}"},"query-input":{"@type":"PropertyValueSpecification","valueRequired":true,"valueName":"search_term_string"}}],"inLanguage":"en-US"},{"@type":"Organization","@id":"https:\/\/triptours.eu\/en\/#organization","name":"triptours.eu","url":"https:\/\/triptours.eu\/en\/","logo":{"@type":"ImageObject","inLanguage":"en-US","@id":"https:\/\/triptours.eu\/en\/#\/schema\/logo\/image\/","url":"https:\/\/triptours.eu\/wp-content\/uploads\/2024\/03\/logo_trip_tour-1-1.png","contentUrl":"https:\/\/triptours.eu\/wp-content\/uploads\/2024\/03\/logo_trip_tour-1-1.png","width":1084,"height":269,"caption":"triptours.eu"},"image":{"@id":"https:\/\/triptours.eu\/en\/#\/schema\/logo\/image\/"}}]}},"_links":{"self":[{"href":"https:\/\/triptours.eu\/en\/wp-json\/wp\/v2\/pages\/1281","targetHints":{"allow":["GET"]}}],"collection":[{"href":"https:\/\/triptours.eu\/en\/wp-json\/wp\/v2\/pages"}],"about":[{"href":"https:\/\/triptours.eu\/en\/wp-json\/wp\/v2\/types\/page"}],"author":[{"embeddable":true,"href":"https:\/\/triptours.eu\/en\/wp-json\/wp\/v2\/users\/1"}],"replies":[{"embeddable":true,"href":"https:\/\/triptours.eu\/en\/wp-json\/wp\/v2\/comments?post=1281"}],"version-history":[{"count":25,"href":"https:\/\/triptours.eu\/en\/wp-json\/wp\/v2\/pages\/1281\/revisions"}],"predecessor-version":[{"id":2601,"href":"https:\/\/triptours.eu\/en\/wp-json\/wp\/v2\/pages\/1281\/revisions\/2601"}],"wp:featuredmedia":[{"embeddable":true,"href":"https:\/\/triptours.eu\/en\/wp-json\/wp\/v2\/media\/1277"}],"wp:attachment":[{"href":"https:\/\/triptours.eu\/en\/wp-json\/wp\/v2\/media?parent=1281"}],"curies":[{"name":"wp","href":"https:\/\/api.w.org\/{rel}","templated":true}]}}